{"id":670,"date":"2022-06-26T17:09:51","date_gmt":"2022-06-26T17:09:51","guid":{"rendered":"https:\/\/hotelcimscamprodon.com?page_id=670"},"modified":"2025-05-22T15:54:35","modified_gmt":"2025-05-22T15:54:35","slug":"politica-de-privacidad","status":"publish","type":"page","link":"https:\/\/casamaragall.com\/fr\/politica-de-privacidad\/","title":{"rendered":"Politique de confidentialit\u00e9"},"content":{"rendered":"<div data-elementor-type=\"wp-page\" data-elementor-id=\"670\" class=\"elementor elementor-670\" data-elementor-post-type=\"page\">\n\t\t\t\t\t\t<section class=\"elementor-section elementor-top-section elementor-element elementor-element-7c4bb1d5 elementor-section-boxed elementor-section-height-default elementor-section-height-default\" data-id=\"7c4bb1d5\" data-element_type=\"section\" data-e-type=\"section\">\n\t\t\t\t\t\t<div class=\"elementor-container elementor-column-gap-default\">\n\t\t\t\t\t<div class=\"elementor-column elementor-col-100 elementor-top-column elementor-element elementor-element-423a1eb\" data-id=\"423a1eb\" data-element_type=\"column\" data-e-type=\"column\">\n\t\t\t<div class=\"elementor-widget-wrap elementor-element-populated\">\n\t\t\t\t\t\t<div class=\"elementor-element elementor-element-437ed924 elementor-widget elementor-widget-text-editor\" data-id=\"437ed924\" data-element_type=\"widget\" data-e-type=\"widget\" data-widget_type=\"text-editor.default\">\n\t\t\t\t<div class=\"elementor-widget-container\">\n\t\t\t\t\t\t\t\t\t\n<div class=\"wp-block-cover alignfull\" style=\"min-height: 473px;aspect-ratio:unset;\">\n<div class=\"wp-block-cover__inner-container is-layout-flow wp-block-cover-is-layout-flow\">\n<h1 class=\"wp-block-heading has-white-color has-text-color\"><span style=\"color: #635a5a;\">Politique de confidentialit\u00e9<\/span><\/h1>\n<span style=\"color: #635a5a;\"><\/span>\n<p><span style=\"color: #635a5a;\">Derni\u00e8re mise \u00e0 jour\u00a0: janvier 2021<\/span><\/p>\n<p><span style=\"color: #635a5a;\"><strong style=\"font-size: 16px;\">1.<\/strong><span style=\"font-size: 16px;\">\u00a0<\/span><strong style=\"font-size: 16px;\">INFORMATION DES UTILISATEURS<\/strong><\/span><\/p>\n<p><span style=\"color: #635a5a;\"><strong style=\"font-size: 16px;\">VOTRE CHOIX, SL<\/strong><span style=\"font-size: 16px;\">en tant que contr\u00f4leur de donn\u00e9es, vous informe que, conform\u00e9ment aux dispositions du r\u00e8glement (UE) 2016\/679, du 27 avril, (RGPD) et de la L.O. 3\/2018, du 5 d\u00e9cembre, sur la protection des donn\u00e9es et la garantie des droits num\u00e9riques (LOPDGDD), nous traiterons vos donn\u00e9es comme le refl\u00e8te la pr\u00e9sente politique de confidentialit\u00e9.<\/span><\/span><\/p>\n<\/div>\n<\/div>\n<p><span style=\"color: #635a5a;\"><\/span><\/p>\n<p><span style=\"color: #635a5a;\">Dans cette politique de confidentialit\u00e9, nous d\u00e9crivons comment nous collectons vos donn\u00e9es personnelles et pourquoi nous les collectons, ce que nous en faisons, avec qui nous les partageons, comment nous les prot\u00e9geons et vos choix concernant la fa\u00e7on dont nous traitons vos donn\u00e9es personnelles.<\/span><\/p>\n<p><span style=\"color: #635a5a;\"><\/span><\/p>\n<p><span style=\"color: #635a5a;\">La pr\u00e9sente politique s'applique au traitement de vos donn\u00e9es personnelles collect\u00e9es par la soci\u00e9t\u00e9 pour la fourniture de ses services. Si vous acceptez les mesures de la pr\u00e9sente politique, vous acceptez que nous traitions vos donn\u00e9es personnelles comme d\u00e9fini dans la pr\u00e9sente politique.<\/span><\/p>\n<p><span style=\"color: #635a5a;\"><\/span><\/p>\n<p><span style=\"color: #635a5a;\"><strong>2. CONTACT<\/strong><\/span><\/p>\n<p><span style=\"color: #635a5a;\"><\/span><\/p>\n<p><span style=\"color: #635a5a;\">Nom de la soci\u00e9t\u00e9 :\u00a0<strong><strong>VOTRE CHOIX<\/strong><\/strong>,<strong> SL<\/strong><\/span><br \/><span style=\"color: #635a5a;\">Nom commercial :\u00a0<strong>MAISON MARAGALL<\/strong><\/span><br \/><span style=\"color: #635a5a;\">CIF :\u00a0<strong> <strong>B66898693<\/strong><\/strong><\/span><br \/><span style=\"color: #635a5a;\">Adresse : Pla\u00e7a Sta Maria, 9, 17867 Camprodon\u00a0<\/span><br \/><span style=\"color: #635a5a;\">e-mail : <strong>reservas@casamaragall.com<\/strong><\/span><br \/><span style=\"color: #635a5a;\">\u00a0<\/span><br \/><span style=\"color: #635a5a;\"><strong>3. PRINCIPES CL\u00c9S<\/strong><\/span><\/p>\n<p><span style=\"color: #635a5a;\"><\/span><\/p>\n<p><span style=\"color: #635a5a;\">Nous nous sommes toujours engag\u00e9s \u00e0 fournir nos services avec le plus haut degr\u00e9 de qualit\u00e9, ce qui inclut le traitement de vos donn\u00e9es de mani\u00e8re s\u00e9curis\u00e9e et transparente. Nos principes sont les suivants :<\/span><\/p>\n<p><span style=\"color: #635a5a;\"><\/span><\/p>\n<ul class=\"wp-block-list\">\n<li><span style=\"color: #635a5a;\"><strong>L\u00e9galit\u00e9<\/strong>Nous ne collectons vos donn\u00e9es personnelles qu'\u00e0 des fins sp\u00e9cifiques, explicites et l\u00e9gitimes.<\/span><\/li>\n\n<li><span style=\"color: #635a5a;\"><strong>Minimisation des donn\u00e9es<\/strong>Nous limitons la collecte de donn\u00e9es personnelles \u00e0 ce qui est strictement pertinent et n\u00e9cessaire aux fins pour lesquelles elles ont \u00e9t\u00e9 collect\u00e9es.<\/span><\/li>\n\n<li><span style=\"color: #635a5a;\"><strong>Limitation de l'objet<\/strong>Nous ne collectons vos donn\u00e9es personnelles qu'aux fins indiqu\u00e9es et conform\u00e9ment \u00e0 vos souhaits.<\/span><\/li>\n\n<li><span style=\"color: #635a5a;\"><strong>Pr\u00e9cision<\/strong>Nous veillerons \u00e0 ce que vos donn\u00e9es personnelles soient exactes et mises \u00e0 jour.<\/span><\/li>\n\n<li><span style=\"color: #635a5a;\"><strong>S\u00e9curit\u00e9 des donn\u00e9es<\/strong>Nous mettons en \u0153uvre des mesures techniques et organisationnelles appropri\u00e9es et proportionn\u00e9es aux risques afin de garantir que vos donn\u00e9es ne subissent pas de dommages, tels que la divulgation ou l'acc\u00e8s non autoris\u00e9, la destruction accidentelle ou illicite ou la perte ou l'alt\u00e9ration accidentelle et toute autre forme de traitement illicite.<\/span><\/li>\n\n<li><span style=\"color: #635a5a;\"><strong>Acc\u00e8s et rectification<\/strong>Nous vous donnons les moyens d'acc\u00e9der \u00e0 vos donn\u00e9es ou de les rectifier lorsque vous le jugez utile.<\/span><\/li>\n\n<li><span style=\"color: #635a5a;\"><strong>Conservation<\/strong>Nous conservons vos donn\u00e9es personnelles de mani\u00e8re l\u00e9gale et appropri\u00e9e et uniquement pendant la dur\u00e9e n\u00e9cessaire aux fins pour lesquelles elles ont \u00e9t\u00e9 collect\u00e9es.<\/span><\/li>\n\n<li><span style=\"color: #635a5a;\"><strong>Transferts internationaux<\/strong>si vos donn\u00e9es doivent \u00eatre transf\u00e9r\u00e9es en dehors de l'UE\/EEE, elles seront prot\u00e9g\u00e9es de mani\u00e8re ad\u00e9quate.<\/span><\/li>\n\n<li><span style=\"color: #635a5a;\"><strong>Tiers<\/strong>L'acc\u00e8s et le transfert de donn\u00e9es \u00e0 caract\u00e8re personnel \u00e0 des tiers sont effectu\u00e9s conform\u00e9ment aux lois et r\u00e8glements applicables et avec des garanties contractuelles appropri\u00e9es.<\/span><\/li>\n\n<li><span style=\"color: #635a5a;\"><strong>Marketing direct et cookies<\/strong>Nous respectons la l\u00e9gislation applicable en mati\u00e8re de publicit\u00e9 et de cookies.<\/span><\/li>\n<\/ul>\n<p><span style=\"color: #635a5a;\"><\/span><\/p>\n<p><span style=\"color: #635a5a;\"><strong>4. COLLECTE ET TRAITEMENT DE VOS DONN\u00c9ES PERSONNELLES<\/strong><\/span><br \/><span style=\"color: #635a5a;\">Les types de donn\u00e9es qui peuvent \u00eatre demand\u00e9es et trait\u00e9es sont les suivants :<\/span><\/p>\n<p><span style=\"color: #635a5a;\"><\/span><\/p>\n<ul class=\"wp-block-list\">\n<li><span style=\"color: #635a5a;\">Donn\u00e9es de nature identifiante.<\/span><\/li>\n<\/ul>\n<p><span style=\"color: #635a5a;\"><\/span><\/p>\n<p><span style=\"color: #635a5a;\">Nous collectons \u00e9galement automatiquement des donn\u00e9es sur votre visite sur notre site Web, comme d\u00e9crit dans notre politique en mati\u00e8re de cookies.<\/span><\/p>\n<p><span style=\"color: #635a5a;\"><\/span><\/p>\n<p><span style=\"color: #635a5a;\">Chaque fois que nous vous demanderons vos donn\u00e9es personnelles, nous vous informerons clairement des donn\u00e9es personnelles que nous collectons et de leur finalit\u00e9. D'une mani\u00e8re g\u00e9n\u00e9rale, nous collectons et traitons vos Donn\u00e9es Personnelles dans le but de :<\/span><\/p>\n<p><span style=\"color: #635a5a;\"><\/span><\/p>\n<ul class=\"wp-block-list\">\n<li><span style=\"color: #635a5a;\">Fournir des informations, des services, des produits, des informations pertinentes et des nouvelles dans le secteur.<\/span><\/li>\n\n<li><span style=\"color: #635a5a;\">Envoi de communications.<\/span><\/li>\n<\/ul>\n<p><span style=\"color: #635a5a;\"><\/span><\/p>\n<p><span style=\"color: #635a5a;\"><strong>5. L\u00c9GITIMACIT\u00c9<\/strong><\/span><\/p>\n<p><span style=\"color: #635a5a;\"><\/span><\/p>\n<p><span style=\"color: #635a5a;\">Conform\u00e9ment \u00e0 la l\u00e9gislation applicable en mati\u00e8re de protection des donn\u00e9es, vos donn\u00e9es personnelles peuvent \u00eatre trait\u00e9es \u00e0 condition que :<\/span><\/p>\n<p><span style=\"color: #635a5a;\"><\/span><\/p>\n<ul class=\"wp-block-list\">\n<li><span style=\"color: #635a5a;\">Vous nous avez donn\u00e9 votre consentement aux fins du traitement. Vous pouvez bien entendu retirer votre consentement \u00e0 tout moment.<\/span><\/li>\n\n<li><span style=\"color: #635a5a;\">Par obligation l\u00e9gale.<\/span><\/li>\n\n<li><span style=\"color: #635a5a;\">Pour un int\u00e9r\u00eat l\u00e9gitime qui n'est pas remis en cause par vos droits \u00e0 la vie priv\u00e9e, comme par exemple vous envoyer des informations commerciales soit en vous abonnant \u00e0 notre newsletter, soit par votre statut de client.<\/span><\/li>\n\n<li><span style=\"color: #635a5a;\">Parce qu'il est n\u00e9cessaire pour la fourniture de l'un de nos services dans le cadre d'une relation contractuelle entre vous et nous.<\/span><\/li>\n<\/ul>\n<p><span style=\"color: #635a5a;\"><\/span><\/p>\n<p><span style=\"color: #635a5a;\"><strong>6. COMMUNICATION DES DONN\u00c9ES PERSONNELLES<\/strong><\/span><\/p>\n<p><span style=\"color: #635a5a;\"><\/span><\/p>\n<p><span style=\"color: #635a5a;\">Les donn\u00e9es peuvent \u00eatre communiqu\u00e9es \u00e0 des entreprises li\u00e9es \u00e0\u00a0<strong>VOTRE CHOIX, SL<\/strong>\u00a0pour la fourniture des diff\u00e9rents services en leur qualit\u00e9 de responsables du traitement des donn\u00e9es. L'entreprise ne proc\u00e9dera \u00e0 aucun transfert, sauf par obligation l\u00e9gale.<\/span><\/p>\n<p><span style=\"color: #635a5a;\"><\/span><\/p>\n<p><span style=\"color: #635a5a;\"><strong>7. VOS DROITS<\/strong><\/span><\/p>\n<p><span style=\"color: #635a5a;\"><\/span><\/p>\n<p><span style=\"color: #635a5a;\">Dans le cadre de la collecte et du traitement de vos donn\u00e9es personnelles, vous pouvez nous contacter \u00e0 tout moment pour :<\/span><\/p>\n<p><span style=\"color: #635a5a;\"><\/span><\/p>\n<ul class=\"wp-block-list\">\n<li><span style=\"color: #635a5a;\">Acc\u00e9der \u00e0 vos donn\u00e9es personnelles et \u00e0 toute autre information vis\u00e9e \u00e0 l'article 15.1 du GDPR.<\/span><\/li>\n\n<li><span style=\"color: #635a5a;\">Rectifier vos donn\u00e9es personnelles qui sont inexactes ou incompl\u00e8tes conform\u00e9ment \u00e0 l'article 16 du GDPR.<\/span><\/li>\n\n<li><span style=\"color: #635a5a;\">Supprimer vos donn\u00e9es personnelles conform\u00e9ment \u00e0 l'article 17 du GDPR.<\/span><\/li>\n\n<li><span style=\"color: #635a5a;\">Pour restreindre le traitement de vos donn\u00e9es personnelles conform\u00e9ment \u00e0 l'article 18 du GDPR.<\/span><\/li>\n\n<li><span style=\"color: #635a5a;\">Demander la portabilit\u00e9 de vos donn\u00e9es conform\u00e9ment \u00e0 l'article 20 de la loi sur la protection des donn\u00e9es.\u00a0<a style=\"color: #635a5a;\" href=\"https:\/\/presencialismo.com\/\" target=\"_blank\" rel=\"noreferrer noopener\">GDPR<\/a>.<\/span><\/li>\n\n<li><span style=\"color: #635a5a;\">s'opposer au traitement de vos donn\u00e9es personnelles conform\u00e9ment \u00e0 l'article 21 du GDPR.<\/span><\/li>\n<\/ul>\n<p><span style=\"color: #635a5a;\"><\/span><\/p>\n<p><span style=\"color: #635a5a;\">Si vous avez donn\u00e9 votre consentement pour une finalit\u00e9 sp\u00e9cifique, vous avez le droit de retirer votre consentement \u00e0 tout moment, sans que cela n'affecte la lic\u00e9it\u00e9 du traitement fond\u00e9 sur votre consentement avant son retrait.\u00a0<a style=\"color: #635a5a;\" href=\"https:\/\/presencialismo.com\/\" target=\"_blank\" rel=\"noreferrer noopener\">hr<\/a>.<\/span><\/p>\n<p><span style=\"color: #635a5a;\"><\/span><\/p>\n<p><span style=\"color: #635a5a;\">Vous pouvez exercer ces droits en envoyant une communication motiv\u00e9e et accr\u00e9dit\u00e9e \u00e0 VOTRE CHOIX, SL, avec adresse \u00e0 Pla\u00e7a Sta Maria, 9, code postal 17867 de Camprodon ou par e-mail \u00e0<b> reservas@casamaragall.com<\/b><\/span><\/p>\n<p><span style=\"color: #635a5a;\"><\/span><\/p>\n<p><span style=\"color: #635a5a;\">Vous avez \u00e9galement le droit de d\u00e9poser une plainte aupr\u00e8s de l'autorit\u00e9 de surveillance comp\u00e9tente (<a style=\"color: #635a5a;\" href=\"https:\/\/aepd.es\/\" target=\"_blank\" rel=\"noreferrer noopener\">www.aepd.es<\/a>) si vous estimez que le traitement n&#039;est pas conforme \u00e0 la r\u00e9glementation en vigueur.<\/span><\/p>\n<p><span style=\"color: #635a5a;\"><\/span><\/p>\n<p><span style=\"color: #635a5a;\"><strong>8. INFORMATION JURIDIQUE<\/strong><\/span><br \/><span style=\"color: #635a5a;\">Les exigences de la pr\u00e9sente politique compl\u00e8tent, et ne remplacent pas, toute autre exigence existant en vertu de la l\u00e9gislation applicable en mati\u00e8re de protection des donn\u00e9es, qui pr\u00e9vaudra en tout \u00e9tat de cause.<\/span><\/p>\n<p><span style=\"color: #635a5a;\"><\/span><\/p>\n<p><span style=\"color: #635a5a;\">Cette politique est soumise \u00e0 une r\u00e9vision p\u00e9riodique et peut \u00eatre modifi\u00e9e par la soci\u00e9t\u00e9 \u00e0 tout moment. Dans ce cas, nous vous informerons de tout changement et vous demanderons de relire la version la plus r\u00e9cente de notre politique et de confirmer votre acceptation.<\/span><\/p>\n<p><span style=\"color: #635a5a;\"><\/span><\/p>\n<div class=\"wp-block-cover alignfull is-light is-layout-flow wp-block-cover-is-layout-flow\">\n<div class=\"wp-block-cover__inner-container\">\u00a0<\/div>\n<\/div>\n\t\t\t\t\t\t\t\t<\/div>\n\t\t\t\t<\/div>\n\t\t\t\t\t<\/div>\n\t\t<\/div>\n\t\t\t\t\t<\/div>\n\t\t<\/section>\n\t\t\t\t<\/div>","protected":false},"excerpt":{"rendered":"","protected":false},"author":2,"featured_media":0,"parent":0,"menu_order":0,"comment_status":"closed","ping_status":"closed","template":"","meta":{"site-sidebar-layout":"no-sidebar","site-content-layout":"plain-container","ast-site-content-layout":"normal-width-container","site-content-style":"unboxed","site-sidebar-style":"unboxed","ast-global-header-display":"","ast-banner-title-visibility":"","ast-main-header-display":"","ast-hfb-above-header-display":"","ast-hfb-below-header-display":"","ast-hfb-mobile-header-display":"","site-post-title":"disabled","ast-breadcrumbs-content":"","ast-featured-img":"disabled","footer-sml-layout":"","theme-transparent-header-meta":"enabled","adv-header-id-meta":"","stick-header-meta":"","header-above-stick-meta":"","header-main-stick-meta":"","header-below-stick-meta":"","astra-migrate-meta-layouts":"set","ast-page-background-enabled":"default","ast-page-background-meta":{"desktop":{"background-color":"","background-image":"","background-repeat":"repeat","background-position":"center center","background-size":"auto","background-attachment":"scroll","background-type":"","background-media":"","overlay-type":"","overlay-color":"","overlay-opacity":"","overlay-gradient":""},"tablet":{"background-color":"","background-image":"","background-repeat":"repeat","background-position":"center center","background-size":"auto","background-attachment":"scroll","background-type":"","background-media":"","overlay-type":"","overlay-color":"","overlay-opacity":"","overlay-gradient":""},"mobile":{"background-color":"","background-image":"","background-repeat":"repeat","background-position":"center center","background-size":"auto","background-attachment":"scroll","background-type":"","background-media":"","overlay-type":"","overlay-color":"","overlay-opacity":"","overlay-gradient":""}},"ast-content-background-meta":{"desktop":{"background-color":"var(--ast-global-color-5)","background-image":"","background-repeat":"repeat","background-position":"center center","background-size":"auto","background-attachment":"scroll","background-type":"","background-media":"","overlay-type":"","overlay-color":"","overlay-opacity":"","overlay-gradient":""},"tablet":{"background-color":"var(--ast-global-color-5)","background-image":"","background-repeat":"repeat","background-position":"center center","background-size":"auto","background-attachment":"scroll","background-type":"","background-media":"","overlay-type":"","overlay-color":"","overlay-opacity":"","overlay-gradient":""},"mobile":{"background-color":"var(--ast-global-color-5)","background-image":"","background-repeat":"repeat","background-position":"center center","background-size":"auto","background-attachment":"scroll","background-type":"","background-media":"","overlay-type":"","overlay-color":"","overlay-opacity":"","overlay-gradient":""}},"footnotes":""},"class_list":["post-670","page","type-page","status-publish","hentry"],"yoast_head":"<!-- This site is optimized with the Yoast SEO plugin v27.1.1 - https:\/\/yoast.com\/product\/yoast-seo-wordpress\/ -->\n<title>Pol\u00edtica de Privacidad - Apartamentos Casa Maragall<\/title>\n<meta name=\"description\" content=\"Politica de Privacidad de los Apartamentos tur\u00edsticos Casa Maragall en St joan de les Abadesses. Contacta con nosotros o Reserva.\" \/>\n<meta name=\"robots\" content=\"index, follow, max-snippet:-1, max-image-preview:large, max-video-preview:-1\" \/>\n<link rel=\"canonical\" href=\"https:\/\/casamaragall.com\/fr\/politica-de-privacidad\/\" \/>\n<meta property=\"og:locale\" content=\"fr_FR\" \/>\n<meta property=\"og:type\" content=\"article\" \/>\n<meta property=\"og:title\" content=\"Pol\u00edtica de Privacidad - Apartamentos Casa Maragall\" \/>\n<meta property=\"og:description\" content=\"Politica de Privacidad de los Apartamentos tur\u00edsticos Casa Maragall en St joan de les Abadesses. Contacta con nosotros o Reserva.\" \/>\n<meta property=\"og:url\" content=\"https:\/\/casamaragall.com\/fr\/politica-de-privacidad\/\" \/>\n<meta property=\"og:site_name\" content=\"Apartamentos Casa Maragall\" \/>\n<meta property=\"article:modified_time\" content=\"2025-05-22T15:54:35+00:00\" \/>\n<meta property=\"og:image\" content=\"https:\/\/casamaragall.com\/wp-content\/uploads\/2023\/06\/logocasaMaragall-OK-Transparente-1.png\" \/>\n\t<meta property=\"og:image:width\" content=\"375\" \/>\n\t<meta property=\"og:image:height\" content=\"375\" \/>\n\t<meta property=\"og:image:type\" content=\"image\/png\" \/>\n<meta name=\"twitter:card\" content=\"summary_large_image\" \/>\n<meta name=\"twitter:label1\" content=\"Dur\u00e9e de lecture estim\u00e9e\" \/>\n\t<meta name=\"twitter:data1\" content=\"5 minutes\" \/>\n<script type=\"application\/ld+json\" class=\"yoast-schema-graph\">{\"@context\":\"https:\/\/schema.org\",\"@graph\":[{\"@type\":\"WebPage\",\"@id\":\"https:\/\/casamaragall.com\/politica-de-privacidad\/\",\"url\":\"https:\/\/casamaragall.com\/politica-de-privacidad\/\",\"name\":\"Pol\u00edtica de Privacidad - Apartamentos Casa Maragall\",\"isPartOf\":{\"@id\":\"https:\/\/casamaragall.com\/#website\"},\"datePublished\":\"2022-06-26T17:09:51+00:00\",\"dateModified\":\"2025-05-22T15:54:35+00:00\",\"description\":\"Politica de Privacidad de los Apartamentos tur\u00edsticos Casa Maragall en St joan de les Abadesses. Contacta con nosotros o Reserva.\",\"breadcrumb\":{\"@id\":\"https:\/\/casamaragall.com\/politica-de-privacidad\/#breadcrumb\"},\"inLanguage\":\"fr-FR\",\"potentialAction\":[{\"@type\":\"ReadAction\",\"target\":[\"https:\/\/casamaragall.com\/politica-de-privacidad\/\"]}]},{\"@type\":\"BreadcrumbList\",\"@id\":\"https:\/\/casamaragall.com\/politica-de-privacidad\/#breadcrumb\",\"itemListElement\":[{\"@type\":\"ListItem\",\"position\":1,\"name\":\"Portada\",\"item\":\"https:\/\/casamaragall.com\/\"},{\"@type\":\"ListItem\",\"position\":2,\"name\":\"Pol\u00edtica de Privacidad\"}]},{\"@type\":\"WebSite\",\"@id\":\"https:\/\/casamaragall.com\/#website\",\"url\":\"https:\/\/casamaragall.com\/\",\"name\":\"Apartamentos Casa Maragall\",\"description\":\"Apartamentos tur\u00edsticos en Sant Joan de les Abadesses. Haz tu reserva en la web oficial 6% dto\",\"publisher\":{\"@id\":\"https:\/\/casamaragall.com\/#organization\"},\"potentialAction\":[{\"@type\":\"SearchAction\",\"target\":{\"@type\":\"EntryPoint\",\"urlTemplate\":\"https:\/\/casamaragall.com\/?s={search_term_string}\"},\"query-input\":{\"@type\":\"PropertyValueSpecification\",\"valueRequired\":true,\"valueName\":\"search_term_string\"}}],\"inLanguage\":\"fr-FR\"},{\"@type\":\"Organization\",\"@id\":\"https:\/\/casamaragall.com\/#organization\",\"name\":\"Apartamentos Casa Maragall\",\"url\":\"https:\/\/casamaragall.com\/\",\"logo\":{\"@type\":\"ImageObject\",\"inLanguage\":\"fr-FR\",\"@id\":\"https:\/\/casamaragall.com\/#\/schema\/logo\/image\/\",\"url\":\"https:\/\/casamaragall.com\/wp-content\/uploads\/2025\/05\/cropped-Captura-de-pantalla-2025-05-07-a-les-13.26.07.png\",\"contentUrl\":\"https:\/\/casamaragall.com\/wp-content\/uploads\/2025\/05\/cropped-Captura-de-pantalla-2025-05-07-a-les-13.26.07.png\",\"width\":1340,\"height\":650,\"caption\":\"Apartamentos Casa Maragall\"},\"image\":{\"@id\":\"https:\/\/casamaragall.com\/#\/schema\/logo\/image\/\"}}]}<\/script>\n<!-- \/ Yoast SEO plugin. -->","yoast_head_json":{"title":"Pol\u00edtica de Privacidad - Apartamentos Casa Maragall","description":"Politica de Privacidad de los Apartamentos tur\u00edsticos Casa Maragall en St joan de les Abadesses. Contacta con nosotros o Reserva.","robots":{"index":"index","follow":"follow","max-snippet":"max-snippet:-1","max-image-preview":"max-image-preview:large","max-video-preview":"max-video-preview:-1"},"canonical":"https:\/\/casamaragall.com\/fr\/politica-de-privacidad\/","og_locale":"fr_FR","og_type":"article","og_title":"Pol\u00edtica de Privacidad - Apartamentos Casa Maragall","og_description":"Politica de Privacidad de los Apartamentos tur\u00edsticos Casa Maragall en St joan de les Abadesses. Contacta con nosotros o Reserva.","og_url":"https:\/\/casamaragall.com\/fr\/politica-de-privacidad\/","og_site_name":"Apartamentos Casa Maragall","article_modified_time":"2025-05-22T15:54:35+00:00","og_image":[{"width":375,"height":375,"url":"https:\/\/casamaragall.com\/wp-content\/uploads\/2023\/06\/logocasaMaragall-OK-Transparente-1.png","type":"image\/png"}],"twitter_card":"summary_large_image","twitter_misc":{"Dur\u00e9e de lecture estim\u00e9e":"5 minutes"},"schema":{"@context":"https:\/\/schema.org","@graph":[{"@type":"WebPage","@id":"https:\/\/casamaragall.com\/politica-de-privacidad\/","url":"https:\/\/casamaragall.com\/politica-de-privacidad\/","name":"Pol\u00edtica de Privacidad - Apartamentos Casa Maragall","isPartOf":{"@id":"https:\/\/casamaragall.com\/#website"},"datePublished":"2022-06-26T17:09:51+00:00","dateModified":"2025-05-22T15:54:35+00:00","description":"Politica de Privacidad de los Apartamentos tur\u00edsticos Casa Maragall en St joan de les Abadesses. Contacta con nosotros o Reserva.","breadcrumb":{"@id":"https:\/\/casamaragall.com\/politica-de-privacidad\/#breadcrumb"},"inLanguage":"fr-FR","potentialAction":[{"@type":"ReadAction","target":["https:\/\/casamaragall.com\/politica-de-privacidad\/"]}]},{"@type":"BreadcrumbList","@id":"https:\/\/casamaragall.com\/politica-de-privacidad\/#breadcrumb","itemListElement":[{"@type":"ListItem","position":1,"name":"Portada","item":"https:\/\/casamaragall.com\/"},{"@type":"ListItem","position":2,"name":"Pol\u00edtica de Privacidad"}]},{"@type":"WebSite","@id":"https:\/\/casamaragall.com\/#website","url":"https:\/\/casamaragall.com\/","name":"Appartements Casa Maragall","description":"Appartements touristiques \u00e0 Sant Joan de les Abadesses. R\u00e9servez d\u00e8s maintenant sur le site officiel et b\u00e9n\u00e9ficiez d&#039;une r\u00e9duction avec le code 6%.","publisher":{"@id":"https:\/\/casamaragall.com\/#organization"},"potentialAction":[{"@type":"SearchAction","target":{"@type":"EntryPoint","urlTemplate":"https:\/\/casamaragall.com\/?s={search_term_string}"},"query-input":{"@type":"PropertyValueSpecification","valueRequired":true,"valueName":"search_term_string"}}],"inLanguage":"fr-FR"},{"@type":"Organization","@id":"https:\/\/casamaragall.com\/#organization","name":"Appartements Casa Maragall","url":"https:\/\/casamaragall.com\/","logo":{"@type":"ImageObject","inLanguage":"fr-FR","@id":"https:\/\/casamaragall.com\/#\/schema\/logo\/image\/","url":"https:\/\/casamaragall.com\/wp-content\/uploads\/2025\/05\/cropped-Captura-de-pantalla-2025-05-07-a-les-13.26.07.png","contentUrl":"https:\/\/casamaragall.com\/wp-content\/uploads\/2025\/05\/cropped-Captura-de-pantalla-2025-05-07-a-les-13.26.07.png","width":1340,"height":650,"caption":"Apartamentos Casa Maragall"},"image":{"@id":"https:\/\/casamaragall.com\/#\/schema\/logo\/image\/"}}]}},"_links":{"self":[{"href":"https:\/\/casamaragall.com\/fr\/wp-json\/wp\/v2\/pages\/670","targetHints":{"allow":["GET"]}}],"collection":[{"href":"https:\/\/casamaragall.com\/fr\/wp-json\/wp\/v2\/pages"}],"about":[{"href":"https:\/\/casamaragall.com\/fr\/wp-json\/wp\/v2\/types\/page"}],"author":[{"embeddable":true,"href":"https:\/\/casamaragall.com\/fr\/wp-json\/wp\/v2\/users\/2"}],"replies":[{"embeddable":true,"href":"https:\/\/casamaragall.com\/fr\/wp-json\/wp\/v2\/comments?post=670"}],"version-history":[{"count":18,"href":"https:\/\/casamaragall.com\/fr\/wp-json\/wp\/v2\/pages\/670\/revisions"}],"predecessor-version":[{"id":4578,"href":"https:\/\/casamaragall.com\/fr\/wp-json\/wp\/v2\/pages\/670\/revisions\/4578"}],"wp:attachment":[{"href":"https:\/\/casamaragall.com\/fr\/wp-json\/wp\/v2\/media?parent=670"}],"curies":[{"name":"wp","href":"https:\/\/api.w.org\/{rel}","templated":true}]}}