{"id":3678,"date":"2024-03-26T10:40:46","date_gmt":"2024-03-26T10:40:46","guid":{"rendered":"https:\/\/hotelcimscamprodon.com\/?page_id=3678"},"modified":"2025-05-22T15:54:38","modified_gmt":"2025-05-22T15:54:38","slug":"politica-de-cookies","status":"publish","type":"page","link":"https:\/\/casamaragall.com\/fr\/politica-de-cookies\/","title":{"rendered":"Politique de cookies"},"content":{"rendered":"<div data-elementor-type=\"wp-page\" data-elementor-id=\"3678\" class=\"elementor elementor-3678\" data-elementor-post-type=\"page\">\n\t\t\t\t\t\t<section class=\"elementor-section elementor-top-section elementor-element elementor-element-29b58ae1 elementor-section-boxed elementor-section-height-default elementor-section-height-default\" data-id=\"29b58ae1\" data-element_type=\"section\" data-e-type=\"section\">\n\t\t\t\t\t\t<div class=\"elementor-container elementor-column-gap-default\">\n\t\t\t\t\t<div class=\"elementor-column elementor-col-100 elementor-top-column elementor-element elementor-element-7edc20dc\" data-id=\"7edc20dc\" data-element_type=\"column\" data-e-type=\"column\">\n\t\t\t<div class=\"elementor-widget-wrap elementor-element-populated\">\n\t\t\t\t\t\t<div class=\"elementor-element elementor-element-52af4b36 elementor-widget elementor-widget-text-editor\" data-id=\"52af4b36\" data-element_type=\"widget\" data-e-type=\"widget\" data-widget_type=\"text-editor.default\">\n\t\t\t\t<div class=\"elementor-widget-container\">\n\t\t\t\t\t\t\t\t\t<p><\/p>\n<h1 class=\"wp-block-heading\">Politique de cookies<\/h1>\n<p><\/p>\n<p><\/p>\n<p>Date : 26 mars 2024<\/p>\n<p><\/p>\n<p><\/p>\n<h3 class=\"wp-block-heading\">Que sont les cookies ?<\/h3>\n<p><\/p>\n<p><\/p>\n<p>Cette politique en mati\u00e8re de cookies explique ce que sont les cookies et comment nous les utilisons, les types de cookies que nous utilisons, c&#039;est-\u00e0-dire les informations que nous collectons \u00e0 l&#039;aide des cookies et comment ces informations sont utilis\u00e9es, et comment g\u00e9rer vos param\u00e8tres de cookies.<br \/>Les cookies sont de petits fichiers texte utilis\u00e9s pour stocker de petites informations. Ils sont stock\u00e9s sur votre appareil lorsque le site Web se charge dans votre navigateur. Ces cookies nous aident \u00e0 faire fonctionner le site Web correctement, \u00e0 le rendre plus s\u00e9curis\u00e9, \u00e0 offrir une meilleure exp\u00e9rience utilisateur et \u00e0 comprendre les performances du site Web et \u00e0 analyser ce qui fonctionne et o\u00f9 il doit \u00eatre am\u00e9lior\u00e9.<\/p>\n<p><\/p>\n<p><\/p>\n<h3 class=\"wp-block-heading\">Comment utilisons-nous les cookies ?<\/h3>\n<p><\/p>\n<p><\/p>\n<p>Comme la plupart des services en ligne, notre site Web utilise nos propres cookies et ceux de tiers \u00e0 diverses fins. Les cookies de premi\u00e8re partie sont pour la plupart n\u00e9cessaires au bon fonctionnement du site Web et ne collectent aucune de vos donn\u00e9es personnelles identifiables.<br \/>Les cookies tiers utilis\u00e9s sur notre site Web visent principalement \u00e0 comprendre les performances du site Web, la fa\u00e7on dont vous interagissez avec notre site Web, \u00e0 assurer la s\u00e9curit\u00e9 de nos services, \u00e0 fournir des publicit\u00e9s pertinentes pour vous et, de mani\u00e8re g\u00e9n\u00e9rale, \u00e0 vous offrir une exp\u00e9rience utilisateur meilleure et am\u00e9lior\u00e9e. exp\u00e9rience et vous aider \u00e0 acc\u00e9l\u00e9rer vos futures interactions avec notre site Web.<\/p>\n<p><\/p>\n<p><\/p>\n<h3 class=\"wp-block-heading\">Types de cookies que nous utilisons\u00a0\u00a0<\/h3>\n<p><\/p>\t\t\t\t\t\t\t\t<\/div>\n\t\t\t\t<\/div>\n\t\t\t\t<div class=\"elementor-element elementor-element-71c7928 elementor-widget elementor-widget-text-editor\" data-id=\"71c7928\" data-element_type=\"widget\" data-e-type=\"widget\" data-widget_type=\"text-editor.default\">\n\t\t\t\t<div class=\"elementor-widget-container\">\n\t\t\t\t\t\t\t\t\t<h3>N\u00e9cessaire<\/h3>\n<div class=\"cky-audit-table-element\">\n<div class=\"cky-category-des\">\n<p>Les cookies n\u00e9cessaires sont cruciaux pour les fonctions de base du site Web et le site Web ne fonctionnera pas comme pr\u00e9vu sans eux. Ces cookies ne stockent aucune donn\u00e9e personnelle identifiable.<\/p>\n<\/div>\n<div class=\"cky-table-wrapper\">\n<table class=\"cky-cookie-audit-table\">\n<thead>\n<tr>\n<th>Biscuit<\/th>\n<th>Dur\u00e9e<\/th>\n<th>Description<\/th>\n<\/tr>\n<\/thead>\n<tbody>\n<tr>\n<td>cookielawinfo-checkbox-necessary<\/td>\n<td>1 ann\u00e9e<\/td>\n<td>D\u00e9fini par le plugin GDPR Cookie Consent, ce cookie enregistre le consentement de l&#039;utilisateur pour les cookies de la cat\u00e9gorie \u00ab N\u00e9cessaire \u00bb.<\/td>\n<\/tr>\n<tr>\n<td>cookielawinfo-checkbox-fonctionnel<\/td>\n<td>1 ann\u00e9e<\/td>\n<td>Le plugin GDPR Cookie Consent d\u00e9finit le cookie pour enregistrer le consentement de l\u2019utilisateur pour les cookies dans la cat\u00e9gorie \u00ab Fonctionnel \u00bb.<\/td>\n<\/tr>\n<tr>\n<td>cookielawinfo-checkbox-performance<\/td>\n<td>1 ann\u00e9e<\/td>\n<td>D\u00e9fini par le plugin GDPR Cookie Consent, ce cookie stocke le consentement de l\u2019utilisateur pour les cookies de la cat\u00e9gorie \u00ab Performance \u00bb.<\/td>\n<\/tr>\n<tr>\n<td>cookielawinfo-checkbox-analytics<\/td>\n<td>1 ann\u00e9e<\/td>\n<td>D\u00e9fini par le plugin GDPR Cookie Consent, ce cookie enregistre le consentement de l&#039;utilisateur pour les cookies de la cat\u00e9gorie \u00ab\u00a0Analyse\u00a0\u00bb.<\/td>\n<\/tr>\n<tr>\n<td>cookielawinfo-checkbox-publicit\u00e9<\/td>\n<td>1 ann\u00e9e<\/td>\n<td>D\u00e9fini par le plugin GDPR Cookie Consent, ce cookie enregistre le consentement de l&#039;utilisateur pour les cookies de la cat\u00e9gorie \u00ab Publicit\u00e9 \u00bb.<\/td>\n<\/tr>\n<tr>\n<td>cookielawinfo-checkbox-others<\/td>\n<td>1 ann\u00e9e<\/td>\n<td>D\u00e9fini par le plugin GDPR Cookie Consent, ce cookie stocke le consentement de l&#039;utilisateur pour les cookies de la cat\u00e9gorie \u00abAutre\u00bb.<\/td>\n<\/tr>\n<tr>\n<td>\u00c9l\u00e9mentor<\/td>\n<td>Jamais<\/td>\n<td>Ce cookie est d\u00e9fini par le th\u00e8me WordPress du site Web. Il permet au propri\u00e9taire du site Web de d\u00e9ployer ou de modifier le contenu du site Web en temps r\u00e9el.<\/td>\n<\/tr>\n<\/tbody>\n<\/table>\n<\/div>\n<h3>Fonctionnel<\/h3>\n<div class=\"cky-category-des\">\n<p>Les cookies fonctionnels aident \u00e0 ex\u00e9cuter certaines fonctionnalit\u00e9s telles que le partage de contenu de sites Web sur des plateformes de r\u00e9seaux sociaux, la collecte de commentaires et d&#039;autres fonctionnalit\u00e9s tierces.<\/p>\n<\/div>\n<div class=\"cky-table-wrapper\">\n<table class=\"cky-cookie-audit-table\">\n<thead>\n<tr>\n<th>Biscuit<\/th>\n<th>Dur\u00e9e<\/th>\n<th>Description<\/th>\n<\/tr>\n<\/thead>\n<tbody>\n<tr>\n<td>_lscache_vary<\/td>\n<td>2 jours<\/td>\n<td>Litespeed d\u00e9finit ce cookie pour emp\u00eacher les pages mises en cache.<\/td>\n<\/tr>\n<\/tbody>\n<\/table>\n<\/div>\n<h3>Analytique<\/h3>\n<div class=\"cky-category-des\">\n<p>Les cookies analytiques sont utilis\u00e9s pour comprendre comment les visiteurs interagissent avec le site Web. Ces cookies aident \u00e0 fournir des informations sur des mesures telles que le nombre de visiteurs, le taux de rebond, la source du trafic, etc.<\/p>\n<\/div>\n<div class=\"cky-table-wrapper\">\n<table class=\"cky-cookie-audit-table\">\n<thead>\n<tr>\n<th>Biscuit<\/th>\n<th>Dur\u00e9e<\/th>\n<th>Description<\/th>\n<\/tr>\n<\/thead>\n<tbody>\n<tr>\n<td>_gcl_au<\/td>\n<td>3 mois<\/td>\n<td>Google Tag Manager d\u00e9finit le cookie pour v\u00e9rifier l&#039;efficacit\u00e9 publicitaire des sites Web qui utilisent ses services.<\/td>\n<\/tr>\n<tr>\n<td>_G\u00e9orgie_*<\/td>\n<td>1 an 1 mois 4 jours<\/td>\n<td>Google Analytics d\u00e9finit ce cookie pour stocker et compter les pages vues.<\/td>\n<\/tr>\n<tr>\n<td>_G\u00e9orgie<\/td>\n<td>1 an 1 mois 4 jours<\/td>\n<td>Ce cookie est d\u00e9fini par Google Analytics pour calculer les donn\u00e9es des visiteurs, des sessions et des campagnes et pour suivre l&#039;utilisation du site pour le rapport d&#039;analyse du site. Le cookie stocke les informations de mani\u00e8re anonyme et attribue un num\u00e9ro g\u00e9n\u00e9r\u00e9 al\u00e9atoirement pour reconna\u00eetre les visiteurs uniques.<\/td>\n<\/tr>\n<tr>\n<td>_fbp<\/td>\n<td>3 mois<\/td>\n<td>Facebook d\u00e9finit ce cookie pour afficher des publicit\u00e9s sur Facebook ou sur une plateforme num\u00e9rique avec de la publicit\u00e9 Facebook apr\u00e8s avoir visit\u00e9 le site Web.<\/td>\n<\/tr>\n<tr>\n<td>_gid<\/td>\n<td>1 jour<\/td>\n<td>Google Analytics d\u00e9finit ce cookie pour stocker des informations sur la fa\u00e7on dont les visiteurs utilisent un site Web, tout en cr\u00e9ant un rapport analytique sur les performances du site. Certaines des donn\u00e9es collect\u00e9es incluent le nombre de visiteurs, leur origine et les pages qu&#039;ils visitent de mani\u00e8re anonyme.<\/td>\n<\/tr>\n<tr>\n<td>_gat_gtag_UA_*<\/td>\n<td>1 minute<\/td>\n<td>Google Analytics d\u00e9finit ce cookie pour stocker un identifiant utilisateur unique.<\/td>\n<\/tr>\n<\/tbody>\n<\/table>\n<\/div>\n<\/div>\t\t\t\t\t\t\t\t<\/div>\n\t\t\t\t<\/div>\n\t\t\t\t<div class=\"elementor-element elementor-element-88b6c52 elementor-widget__width-initial elementor-widget elementor-widget-text-editor\" data-id=\"88b6c52\" data-element_type=\"widget\" data-e-type=\"widget\" data-widget_type=\"text-editor.default\">\n\t\t\t\t<div class=\"elementor-widget-container\">\n\t\t\t\t\t\t\t\t\t<p><\/p>\n<h1 class=\"wp-block-heading\"><span style=\"color: var(--ast-global-color-2); font-size: 1.75rem; font-style: inherit; background-color: var(--ast-global-color-5);\">G\u00e9rer les pr\u00e9f\u00e9rences en mati\u00e8re de cookies<\/span><\/h1>\n<p><\/p>\n<p><\/p>\n<p><strong>Param\u00e8tres des cookies\u00a0<\/strong><a class=\"cky-banner-element\" style=\"font-size: 1rem;\">Param\u00e8tres des cookies<\/a><\/p>\n<p><span style=\"font-style: inherit; font-weight: inherit; background-color: var(--ast-global-color-5); color: var(--ast-global-color-3);\">Vous pouvez modifier vos pr\u00e9f\u00e9rences en mati\u00e8re de cookies \u00e0 tout moment en cliquant sur le bouton ci-dessus.<\/span><\/p>\n<p><span style=\"background-color: var(--ast-global-color-5); color: var(--ast-global-color-3); font-style: inherit; font-weight: inherit; font-size: 1rem;\">Cela vous permettra de revoir la banni\u00e8re de consentement aux cookies et de modifier vos pr\u00e9f\u00e9rences ou de retirer votre consentement imm\u00e9diatement.<\/span><\/p>\n<p><\/p>\t\t\t\t\t\t\t\t<\/div>\n\t\t\t\t<\/div>\n\t\t\t\t<div class=\"elementor-element elementor-element-2e5932c elementor-widget elementor-widget-text-editor\" data-id=\"2e5932c\" data-element_type=\"widget\" data-e-type=\"widget\" data-widget_type=\"text-editor.default\">\n\t\t\t\t<div class=\"elementor-widget-container\">\n\t\t\t\t\t\t\t\t\t<p><\/p>\n<p class=\"wp-block-heading\"><span style=\"background-color: var(--ast-global-color-5); color: var(--ast-global-color-3); font-style: inherit; font-weight: inherit; font-size: 16px; font-family: 'Open Sans', sans-serif;\">\u00a0<\/span><\/p>\n<p class=\"wp-block-heading\"><span style=\"background-color: var(--ast-global-color-5); color: var(--ast-global-color-3); font-style: inherit; font-weight: inherit; font-size: 16px; font-family: 'Open Sans', sans-serif;\">En plus de cela, diff\u00e9rents navigateurs proposent diff\u00e9rentes m\u00e9thodes pour bloquer et supprimer les cookies utilis\u00e9s par les sites Web.<\/span><\/p>\n<p class=\"wp-block-heading\">Vous pouvez modifier les param\u00e8tres de votre navigateur pour bloquer\/supprimer les cookies.<\/p>\n<p><span style=\"background-color: var(--ast-global-color-5); color: var(--ast-global-color-3); font-style: inherit; font-size: 1rem;\"><b>Vous trouverez ci-dessous des liens vers des documents d&#039;assistance sur la fa\u00e7on de g\u00e9rer et de supprimer les cookies des principaux navigateurs Web\u00a0:<\/b><\/span><\/p>\n<p><\/p>\n<p><\/p>\n<p><strong>Chrome<\/strong>: <a href=\"https:\/\/support.google.com\/accounts\/answer\/32050\" target=\"_blank\" rel=\"noreferrer noopener\">https:\/\/support.google.com\/accounts\/answer\/32050<\/a><br \/><strong>Safari<\/strong>: <a href=\"https:\/\/support.apple.com\/en-in\/guide\/safari\/sfri11471\/mac\" target=\"_blank\" rel=\"noreferrer noopener\">https:\/\/support.apple.com\/en-in\/guide\/safari\/sfri11471\/mac<\/a><br \/><strong>Firefox<\/strong>: <a href=\"https:\/\/support.mozilla.org\/en-US\/kb\/clear-cookies-and-site-data-firefox?redirectslug=delete-cookies-remove-info-websites-stored&amp;redirectlocale=en-US\" target=\"_blank\" rel=\"noreferrer noopener\">https:\/\/support.mozilla.org\/en-US\/kb\/clear-cookies-and-site-data-firefox?redirectslug=delete-cookies-remove-info-websites-stored&amp;redirectlocale=en-US<\/a><br \/><strong>Internet Explorer<\/strong>: <a href=\"https:\/\/support.microsoft.com\/en-us\/topic\/how-to-delete-cookie-files-in-internet-explorer-bca9446f-d873-78de-77ba-d42645fa52fc\" target=\"_blank\" rel=\"noreferrer noopener\">https:\/\/support.microsoft.com\/en-us\/topic\/how-to-delete-cookie-files-in-internet-explorer-bca9446f-d873-78de-77ba-d42645fa52fc<\/a><\/p>\n<p><span style=\"font-style: inherit; font-weight: inherit; background-color: var(--ast-global-color-5); color: var(--ast-global-color-3);\">\u00a0<\/span><\/p>\n<p><span style=\"font-style: inherit; font-weight: inherit; background-color: var(--ast-global-color-5); color: var(--ast-global-color-3);\">Si vous utilisez un autre navigateur Web, veuillez consulter les documents d&#039;assistance officiels de votre navigateur.<\/span><\/p>\n<p><\/p>\t\t\t\t\t\t\t\t<\/div>\n\t\t\t\t<\/div>\n\t\t\t\t\t<\/div>\n\t\t<\/div>\n\t\t\t\t\t<\/div>\n\t\t<\/section>\n\t\t\t\t<\/div>","protected":false},"excerpt":{"rendered":"<p>Pol\u00edtica de Cookies Fecha: 26 de marzo de 2024 \u00bfQu\u00e9 son las cookies? Esta Pol\u00edtica de cookies explica qu\u00e9 son las cookies y c\u00f3mo las usamos, los tipos de cookies que utilizamos, es decir, la informaci\u00f3n que recopilamos mediante cookies y c\u00f3mo se usa esa informaci\u00f3n, y c\u00f3mo administrar la configuraci\u00f3n de las cookies.Las cookies [&hellip;]<\/p>\n","protected":false},"author":2,"featured_media":0,"parent":0,"menu_order":0,"comment_status":"closed","ping_status":"closed","template":"","meta":{"site-sidebar-layout":"default","site-content-layout":"","ast-site-content-layout":"default","site-content-style":"default","site-sidebar-style":"default","ast-global-header-display":"","ast-banner-title-visibility":"","ast-main-header-display":"","ast-hfb-above-header-display":"","ast-hfb-below-header-display":"","ast-hfb-mobile-header-display":"","site-post-title":"disabled","ast-breadcrumbs-content":"","ast-featured-img":"","footer-sml-layout":"","theme-transparent-header-meta":"","adv-header-id-meta":"","stick-header-meta":"","header-above-stick-meta":"","header-main-stick-meta":"","header-below-stick-meta":"","astra-migrate-meta-layouts":"set","ast-page-background-enabled":"default","ast-page-background-meta":{"desktop":{"background-color":"","background-image":"","background-repeat":"repeat","background-position":"center center","background-size":"auto","background-attachment":"scroll","background-type":"","background-media":"","overlay-type":"","overlay-color":"","overlay-opacity":"","overlay-gradient":""},"tablet":{"background-color":"","background-image":"","background-repeat":"repeat","background-position":"center center","background-size":"auto","background-attachment":"scroll","background-type":"","background-media":"","overlay-type":"","overlay-color":"","overlay-opacity":"","overlay-gradient":""},"mobile":{"background-color":"","background-image":"","background-repeat":"repeat","background-position":"center center","background-size":"auto","background-attachment":"scroll","background-type":"","background-media":"","overlay-type":"","overlay-color":"","overlay-opacity":"","overlay-gradient":""}},"ast-content-background-meta":{"desktop":{"background-color":"var(--ast-global-color-5)","background-image":"","background-repeat":"repeat","background-position":"center center","background-size":"auto","background-attachment":"scroll","background-type":"","background-media":"","overlay-type":"","overlay-color":"","overlay-opacity":"","overlay-gradient":""},"tablet":{"background-color":"var(--ast-global-color-5)","background-image":"","background-repeat":"repeat","background-position":"center center","background-size":"auto","background-attachment":"scroll","background-type":"","background-media":"","overlay-type":"","overlay-color":"","overlay-opacity":"","overlay-gradient":""},"mobile":{"background-color":"var(--ast-global-color-5)","background-image":"","background-repeat":"repeat","background-position":"center center","background-size":"auto","background-attachment":"scroll","background-type":"","background-media":"","overlay-type":"","overlay-color":"","overlay-opacity":"","overlay-gradient":""}},"footnotes":""},"class_list":["post-3678","page","type-page","status-publish","hentry"],"yoast_head":"<!-- This site is optimized with the Yoast SEO plugin v27.1.1 - https:\/\/yoast.com\/product\/yoast-seo-wordpress\/ -->\n<title>Pol\u00edtica de Cookies - Apartamentos Casa Maragall<\/title>\n<meta name=\"description\" content=\"politica de Cookies de los Apartamentos tur\u00edsticos Casa Maragall en St joan de les Abadesses. Contacta con nosotros o Reserva.\" \/>\n<meta name=\"robots\" content=\"index, follow, max-snippet:-1, max-image-preview:large, max-video-preview:-1\" \/>\n<link rel=\"canonical\" href=\"https:\/\/casamaragall.com\/fr\/politica-de-cookies\/\" \/>\n<meta property=\"og:locale\" content=\"fr_FR\" \/>\n<meta property=\"og:type\" content=\"article\" \/>\n<meta property=\"og:title\" content=\"Pol\u00edtica de Cookies - Apartamentos Casa Maragall\" \/>\n<meta property=\"og:description\" content=\"politica de Cookies de los Apartamentos tur\u00edsticos Casa Maragall en St joan de les Abadesses. Contacta con nosotros o Reserva.\" \/>\n<meta property=\"og:url\" content=\"https:\/\/casamaragall.com\/fr\/politica-de-cookies\/\" \/>\n<meta property=\"og:site_name\" content=\"Apartamentos Casa Maragall\" \/>\n<meta property=\"article:modified_time\" content=\"2025-05-22T15:54:38+00:00\" \/>\n<meta property=\"og:image\" content=\"https:\/\/casamaragall.com\/wp-content\/uploads\/2023\/06\/logocasaMaragall-OK-Transparente-1.png\" \/>\n\t<meta property=\"og:image:width\" content=\"375\" \/>\n\t<meta property=\"og:image:height\" content=\"375\" \/>\n\t<meta property=\"og:image:type\" content=\"image\/png\" \/>\n<meta name=\"twitter:card\" content=\"summary_large_image\" \/>\n<meta name=\"twitter:label1\" content=\"Dur\u00e9e de lecture estim\u00e9e\" \/>\n\t<meta name=\"twitter:data1\" content=\"4 minutes\" \/>\n<script type=\"application\/ld+json\" class=\"yoast-schema-graph\">{\"@context\":\"https:\/\/schema.org\",\"@graph\":[{\"@type\":\"WebPage\",\"@id\":\"https:\/\/casamaragall.com\/politica-de-cookies\/\",\"url\":\"https:\/\/casamaragall.com\/politica-de-cookies\/\",\"name\":\"Pol\u00edtica de Cookies - Apartamentos Casa Maragall\",\"isPartOf\":{\"@id\":\"https:\/\/casamaragall.com\/#website\"},\"datePublished\":\"2024-03-26T10:40:46+00:00\",\"dateModified\":\"2025-05-22T15:54:38+00:00\",\"description\":\"politica de Cookies de los Apartamentos tur\u00edsticos Casa Maragall en St joan de les Abadesses. Contacta con nosotros o Reserva.\",\"breadcrumb\":{\"@id\":\"https:\/\/casamaragall.com\/politica-de-cookies\/#breadcrumb\"},\"inLanguage\":\"fr-FR\",\"potentialAction\":[{\"@type\":\"ReadAction\",\"target\":[\"https:\/\/casamaragall.com\/politica-de-cookies\/\"]}]},{\"@type\":\"BreadcrumbList\",\"@id\":\"https:\/\/casamaragall.com\/politica-de-cookies\/#breadcrumb\",\"itemListElement\":[{\"@type\":\"ListItem\",\"position\":1,\"name\":\"Portada\",\"item\":\"https:\/\/casamaragall.com\/\"},{\"@type\":\"ListItem\",\"position\":2,\"name\":\"Pol\u00edtica de Cookies\"}]},{\"@type\":\"WebSite\",\"@id\":\"https:\/\/casamaragall.com\/#website\",\"url\":\"https:\/\/casamaragall.com\/\",\"name\":\"Apartamentos Casa Maragall\",\"description\":\"Apartamentos tur\u00edsticos en Sant Joan de les Abadesses. Haz tu reserva en la web oficial 6% dto\",\"publisher\":{\"@id\":\"https:\/\/casamaragall.com\/#organization\"},\"potentialAction\":[{\"@type\":\"SearchAction\",\"target\":{\"@type\":\"EntryPoint\",\"urlTemplate\":\"https:\/\/casamaragall.com\/?s={search_term_string}\"},\"query-input\":{\"@type\":\"PropertyValueSpecification\",\"valueRequired\":true,\"valueName\":\"search_term_string\"}}],\"inLanguage\":\"fr-FR\"},{\"@type\":\"Organization\",\"@id\":\"https:\/\/casamaragall.com\/#organization\",\"name\":\"Apartamentos Casa Maragall\",\"url\":\"https:\/\/casamaragall.com\/\",\"logo\":{\"@type\":\"ImageObject\",\"inLanguage\":\"fr-FR\",\"@id\":\"https:\/\/casamaragall.com\/#\/schema\/logo\/image\/\",\"url\":\"https:\/\/casamaragall.com\/wp-content\/uploads\/2025\/05\/cropped-Captura-de-pantalla-2025-05-07-a-les-13.26.07.png\",\"contentUrl\":\"https:\/\/casamaragall.com\/wp-content\/uploads\/2025\/05\/cropped-Captura-de-pantalla-2025-05-07-a-les-13.26.07.png\",\"width\":1340,\"height\":650,\"caption\":\"Apartamentos Casa Maragall\"},\"image\":{\"@id\":\"https:\/\/casamaragall.com\/#\/schema\/logo\/image\/\"}}]}<\/script>\n<!-- \/ Yoast SEO plugin. -->","yoast_head_json":{"title":"Pol\u00edtica de Cookies - Apartamentos Casa Maragall","description":"politica de Cookies de los Apartamentos tur\u00edsticos Casa Maragall en St joan de les Abadesses. Contacta con nosotros o Reserva.","robots":{"index":"index","follow":"follow","max-snippet":"max-snippet:-1","max-image-preview":"max-image-preview:large","max-video-preview":"max-video-preview:-1"},"canonical":"https:\/\/casamaragall.com\/fr\/politica-de-cookies\/","og_locale":"fr_FR","og_type":"article","og_title":"Pol\u00edtica de Cookies - Apartamentos Casa Maragall","og_description":"politica de Cookies de los Apartamentos tur\u00edsticos Casa Maragall en St joan de les Abadesses. Contacta con nosotros o Reserva.","og_url":"https:\/\/casamaragall.com\/fr\/politica-de-cookies\/","og_site_name":"Apartamentos Casa Maragall","article_modified_time":"2025-05-22T15:54:38+00:00","og_image":[{"width":375,"height":375,"url":"https:\/\/casamaragall.com\/wp-content\/uploads\/2023\/06\/logocasaMaragall-OK-Transparente-1.png","type":"image\/png"}],"twitter_card":"summary_large_image","twitter_misc":{"Dur\u00e9e de lecture estim\u00e9e":"4 minutes"},"schema":{"@context":"https:\/\/schema.org","@graph":[{"@type":"WebPage","@id":"https:\/\/casamaragall.com\/politica-de-cookies\/","url":"https:\/\/casamaragall.com\/politica-de-cookies\/","name":"Pol\u00edtica de Cookies - Apartamentos Casa Maragall","isPartOf":{"@id":"https:\/\/casamaragall.com\/#website"},"datePublished":"2024-03-26T10:40:46+00:00","dateModified":"2025-05-22T15:54:38+00:00","description":"politica de Cookies de los Apartamentos tur\u00edsticos Casa Maragall en St joan de les Abadesses. Contacta con nosotros o Reserva.","breadcrumb":{"@id":"https:\/\/casamaragall.com\/politica-de-cookies\/#breadcrumb"},"inLanguage":"fr-FR","potentialAction":[{"@type":"ReadAction","target":["https:\/\/casamaragall.com\/politica-de-cookies\/"]}]},{"@type":"BreadcrumbList","@id":"https:\/\/casamaragall.com\/politica-de-cookies\/#breadcrumb","itemListElement":[{"@type":"ListItem","position":1,"name":"Portada","item":"https:\/\/casamaragall.com\/"},{"@type":"ListItem","position":2,"name":"Pol\u00edtica de Cookies"}]},{"@type":"WebSite","@id":"https:\/\/casamaragall.com\/#website","url":"https:\/\/casamaragall.com\/","name":"Appartements Casa Maragall","description":"Appartements touristiques \u00e0 Sant Joan de les Abadesses. R\u00e9servez d\u00e8s maintenant sur le site officiel et b\u00e9n\u00e9ficiez d&#039;une r\u00e9duction avec le code 6%.","publisher":{"@id":"https:\/\/casamaragall.com\/#organization"},"potentialAction":[{"@type":"SearchAction","target":{"@type":"EntryPoint","urlTemplate":"https:\/\/casamaragall.com\/?s={search_term_string}"},"query-input":{"@type":"PropertyValueSpecification","valueRequired":true,"valueName":"search_term_string"}}],"inLanguage":"fr-FR"},{"@type":"Organization","@id":"https:\/\/casamaragall.com\/#organization","name":"Appartements Casa Maragall","url":"https:\/\/casamaragall.com\/","logo":{"@type":"ImageObject","inLanguage":"fr-FR","@id":"https:\/\/casamaragall.com\/#\/schema\/logo\/image\/","url":"https:\/\/casamaragall.com\/wp-content\/uploads\/2025\/05\/cropped-Captura-de-pantalla-2025-05-07-a-les-13.26.07.png","contentUrl":"https:\/\/casamaragall.com\/wp-content\/uploads\/2025\/05\/cropped-Captura-de-pantalla-2025-05-07-a-les-13.26.07.png","width":1340,"height":650,"caption":"Apartamentos Casa Maragall"},"image":{"@id":"https:\/\/casamaragall.com\/#\/schema\/logo\/image\/"}}]}},"_links":{"self":[{"href":"https:\/\/casamaragall.com\/fr\/wp-json\/wp\/v2\/pages\/3678","targetHints":{"allow":["GET"]}}],"collection":[{"href":"https:\/\/casamaragall.com\/fr\/wp-json\/wp\/v2\/pages"}],"about":[{"href":"https:\/\/casamaragall.com\/fr\/wp-json\/wp\/v2\/types\/page"}],"author":[{"embeddable":true,"href":"https:\/\/casamaragall.com\/fr\/wp-json\/wp\/v2\/users\/2"}],"replies":[{"embeddable":true,"href":"https:\/\/casamaragall.com\/fr\/wp-json\/wp\/v2\/comments?post=3678"}],"version-history":[{"count":29,"href":"https:\/\/casamaragall.com\/fr\/wp-json\/wp\/v2\/pages\/3678\/revisions"}],"predecessor-version":[{"id":4577,"href":"https:\/\/casamaragall.com\/fr\/wp-json\/wp\/v2\/pages\/3678\/revisions\/4577"}],"wp:attachment":[{"href":"https:\/\/casamaragall.com\/fr\/wp-json\/wp\/v2\/media?parent=3678"}],"curies":[{"name":"wp","href":"https:\/\/api.w.org\/{rel}","templated":true}]}}